{"id":1052,"date":"2025-08-25T17:31:02","date_gmt":"2025-08-25T17:31:02","guid":{"rendered":"https:\/\/kursora.com\/?page_id=1052"},"modified":"2026-04-29T20:35:36","modified_gmt":"2026-04-29T20:35:36","slug":"sobre-nos","status":"publish","type":"page","link":"https:\/\/kursora.com\/en\/sobre-nos\/","title":{"rendered":"Sobre n\u00f3s"},"content":{"rendered":"\n<p>No Kursora.com, somos dedicados a tornar o universo dos cart\u00f5es e das finan\u00e7as pessoais mais simples, transparente e acess\u00edvel para todos. Sabemos que tomar decis\u00f5es financeiras pode ser desafiador, especialmente quando envolve escolher o cart\u00e3o ideal, controlar gastos e planejar o futuro. Por isso, nossa miss\u00e3o \u00e9 orientar voc\u00ea com informa\u00e7\u00f5es confi\u00e1veis, insights pr\u00e1ticos e an\u00e1lises especializadas.<\/p>\n\n\n\n<p>Nossa plataforma oferece avalia\u00e7\u00f5es detalhadas, compara\u00e7\u00f5es e dicas sobre cart\u00f5es de cr\u00e9dito, produtos banc\u00e1rios e gest\u00e3o financeira do dia a dia. Transformamos temas complexos em conte\u00fados claros e f\u00e1ceis de entender, ajudando voc\u00ea a tomar decis\u00f5es informadas e com confian\u00e7a. Seja para encontrar o melhor cart\u00e3o de recompensas, uma op\u00e7\u00e3o com juros baixos ou orienta\u00e7\u00f5es para melhorar sua sa\u00fade financeira, o Kursora.com est\u00e1 aqui para ajudar.<\/p>\n\n\n\n<p>Acreditamos que o conhecimento financeiro empodera pessoas. Ao oferecer conte\u00fado preciso, atualizado e imparcial, buscamos ajudar voc\u00ea a assumir o controle do seu dinheiro e alcan\u00e7ar seus objetivos financeiros com clareza e seguran\u00e7a. No Kursora.com, a sua jornada financeira importa \u2014 e estamos aqui para caminhar ao seu lado.<\/p>\n","protected":false},"excerpt":{"rendered":"<p>No Kursora.com, somos dedicados a tornar o universo dos cart\u00f5es e das finan\u00e7as pessoais mais simples, transparente e acess\u00edvel para todos. Sabemos&#8230;<\/p>\n","protected":false},"author":2,"featured_media":0,"parent":0,"menu_order":0,"comment_status":"closed","ping_status":"closed","template":"","meta":{"footnotes":""},"class_list":["post-1052","page","type-page","status-publish","hentry","entry"],"_links":{"self":[{"href":"https:\/\/kursora.com\/en\/wp-json\/wp\/v2\/pages\/1052","targetHints":{"allow":["GET"]}}],"collection":[{"href":"https:\/\/kursora.com\/en\/wp-json\/wp\/v2\/pages"}],"about":[{"href":"https:\/\/kursora.com\/en\/wp-json\/wp\/v2\/types\/page"}],"author":[{"embeddable":true,"href":"https:\/\/kursora.com\/en\/wp-json\/wp\/v2\/users\/2"}],"replies":[{"embeddable":true,"href":"https:\/\/kursora.com\/en\/wp-json\/wp\/v2\/comments?post=1052"}],"version-history":[{"count":2,"href":"https:\/\/kursora.com\/en\/wp-json\/wp\/v2\/pages\/1052\/revisions"}],"predecessor-version":[{"id":15982,"href":"https:\/\/kursora.com\/en\/wp-json\/wp\/v2\/pages\/1052\/revisions\/15982"}],"wp:attachment":[{"href":"https:\/\/kursora.com\/en\/wp-json\/wp\/v2\/media?parent=1052"}],"curies":[{"name":"wp","href":"https:\/\/api.w.org\/{rel}","templated":true}]}}