{"id":1048,"date":"2025-08-25T16:55:37","date_gmt":"2025-08-25T16:55:37","guid":{"rendered":"https:\/\/kursora.com\/?page_id=1048"},"modified":"2025-08-25T16:55:38","modified_gmt":"2025-08-25T16:55:38","slug":"politica-de-privacidade","status":"publish","type":"page","link":"https:\/\/kursora.com\/pt\/politica-de-privacidade\/","title":{"rendered":"Pol\u00edtica de Privacidade"},"content":{"rendered":"<p>A sua privacidade \u00e9 importante para n\u00f3s. \u00c9 pol\u00edtica da kursora respeitar a sua privacidade relativamente a qualquer informa\u00e7\u00e3o que possamos recolher no nosso site, kursora, e noutros sites que possu\u00edmos e operamos.<\/p>\n\n\n\n<p>S\u00f3 pedimos informa\u00e7\u00f5es pessoais quando realmente precisamos delas para lhe fornecer um servi\u00e7o. Recolhemo-las por meios justos e legais, com o seu conhecimento e consentimento. Tamb\u00e9m informamos porque estamos a recolher esses dados e como ser\u00e3o utilizados.<\/p>\n\n\n\n<p>Apenas retemos as informa\u00e7\u00f5es recolhidas pelo tempo necess\u00e1rio para lhe fornecer o servi\u00e7o solicitado. Os dados que armazenamos s\u00e3o protegidos por meios comercialmente aceit\u00e1veis para evitar perda e roubo, bem como acesso n\u00e3o autorizado, divulga\u00e7\u00e3o, c\u00f3pia, utiliza\u00e7\u00e3o ou modifica\u00e7\u00e3o.<\/p>\n\n\n\n<p>N\u00e3o partilhamos qualquer informa\u00e7\u00e3o de identifica\u00e7\u00e3o pessoal publicamente ou com terceiros, exceto quando exigido por lei.<\/p>\n\n\n\n<p>O nosso site pode conter liga\u00e7\u00f5es para sites externos que n\u00e3o s\u00e3o operados por n\u00f3s. Tenha em aten\u00e7\u00e3o que n\u00e3o temos controlo sobre o conte\u00fado e as pr\u00e1ticas desses sites, n\u00e3o podendo assumir responsabilidade ou obriga\u00e7\u00e3o pelas suas respetivas pol\u00edticas de privacidade.<\/p>\n\n\n\n<p>\u00c9 livre de recusar o nosso pedido de informa\u00e7\u00f5es pessoais, ciente de que poderemos n\u00e3o conseguir fornecer alguns dos servi\u00e7os desejados.<\/p>\n\n\n\n<p>A utiliza\u00e7\u00e3o continuada do nosso site ser\u00e1 considerada como aceita\u00e7\u00e3o das nossas pr\u00e1ticas relativas \u00e0 privacidade e informa\u00e7\u00f5es pessoais. Se tiver alguma quest\u00e3o sobre a forma como tratamos os dados dos utilizadores e informa\u00e7\u00f5es pessoais, entre em contacto connosco.<\/p>\n\n\n\n<hr class=\"wp-block-separator has-alpha-channel-opacity\"\/>\n\n\n\n<h2 class=\"wp-block-heading\">Pol\u00edtica de Cookies da kursora<\/h2>\n\n\n\n<p>Esta \u00e9 a Pol\u00edtica de Cookies da kursora, acess\u00edvel a partir do URL <a href=\"https:\/\/kursora.com\/pt\/\">https:\/\/kursora.com\/<\/a>.<\/p>\n\n\n\n<h3 class=\"wp-block-heading\">O que s\u00e3o Cookies<\/h3>\n\n\n\n<p>Tal como \u00e9 pr\u00e1tica comum em quase todos os sites profissionais, este site utiliza cookies, que s\u00e3o pequenos ficheiros descarregados para o seu computador, com o objetivo de melhorar a sua experi\u00eancia. Esta p\u00e1gina descreve que informa\u00e7\u00f5es recolhem, como as utilizamos e porque, por vezes, precisamos de armazenar estes cookies. Tamb\u00e9m partilharemos como pode impedir que estes cookies sejam armazenados, embora isso possa reduzir ou comprometer determinadas funcionalidades do site.<\/p>\n\n\n\n<h3 class=\"wp-block-heading\">Como Utilizamos Cookies<\/h3>\n\n\n\n<p>Utilizamos cookies por diversos motivos detalhados abaixo. Infelizmente, na maioria dos casos, n\u00e3o existem op\u00e7\u00f5es padr\u00e3o da ind\u00fastria para desativar cookies sem desativar totalmente as funcionalidades e caracter\u00edsticas que eles acrescentam a este site. \u00c9 recomendado que mantenha todos os cookies ativados caso n\u00e3o tenha a certeza se precisa deles ou n\u00e3o, pois podem ser usados para fornecer um servi\u00e7o que utiliza.<\/p>\n\n\n\n<h3 class=\"wp-block-heading\">Desativar Cookies<\/h3>\n\n\n\n<p>Pode impedir a defini\u00e7\u00e3o de cookies ajustando as defini\u00e7\u00f5es do seu navegador (consulte a Ajuda do navegador para saber como faz\u00ea-lo). Tenha em conta que a desativa\u00e7\u00e3o de cookies afetar\u00e1 a funcionalidade deste e de muitos outros sites que visitar. A desativa\u00e7\u00e3o de cookies geralmente resultar\u00e1 tamb\u00e9m na desativa\u00e7\u00e3o de certas funcionalidades e recursos deste site. Por este motivo, recomenda-se que n\u00e3o desative os cookies.<\/p>\n\n\n\n<h3 class=\"wp-block-heading\">Os Cookies que Definimos<\/h3>\n\n\n\n<h3 class=\"wp-block-heading\">Cookies de Terceiros<\/h3>\n\n\n\n<p>Em alguns casos especiais tamb\u00e9m utilizamos cookies fornecidos por terceiros de confian\u00e7a. A sec\u00e7\u00e3o seguinte detalha quais os cookies de terceiros que poder\u00e1 encontrar atrav\u00e9s deste site.<\/p>\n\n\n\n<hr class=\"wp-block-separator has-alpha-channel-opacity\"\/>\n\n\n\n<h2 class=\"wp-block-heading\">Responsabilidades do Utilizador<\/h2>\n\n\n\n<p>O utilizador compromete-se a fazer uso adequado dos conte\u00fados e informa\u00e7\u00f5es oferecidos no site, com comportamento enunciativo mas n\u00e3o limitativo:<\/p>\n\n\n\n<p>A) N\u00e3o se envolver em atividades ilegais ou contr\u00e1rias \u00e0 boa f\u00e9 e \u00e0 ordem p\u00fablica;<\/p>\n\n\n\n<p>B) N\u00e3o difundir propaganda ou conte\u00fados de natureza racista, xen\u00f3foba ou de jogos de azar, qualquer tipo de pornografia ilegal, apelos ao terrorismo ou contra os direitos humanos;<\/p>\n\n\n\n<p>C) N\u00e3o causar danos aos sistemas f\u00edsicos (hardware) e l\u00f3gicos (software) da kursora, dos seus fornecedores ou de terceiros, nem introduzir ou disseminar v\u00edrus inform\u00e1ticos ou quaisquer outros sistemas de hardware ou software capazes de causar os danos anteriormente mencionados.<\/p>\n\n\n\n<hr class=\"wp-block-separator has-alpha-channel-opacity\"\/>\n\n\n\n<h2 class=\"wp-block-heading\">Mais informa\u00e7\u00f5es<\/h2>\n\n\n\n<p>Esperamos que isto tenha esclarecido as suas d\u00favidas e, tal como mencionado anteriormente, se existir algo de que n\u00e3o tem a certeza se precisa ou n\u00e3o, geralmente \u00e9 mais seguro deixar os cookies ativados caso interajam com alguma das funcionalidades que utiliza no nosso site.<\/p>\n\n\n\n<p>Esta pol\u00edtica \u00e9 efetiva a partir de 28 de mar\u00e7o de 2025, \u00e0s 20:41.<\/p>","protected":false},"excerpt":{"rendered":"<p>A sua privacidade \u00e9 importante para n\u00f3s. \u00c9 pol\u00edtica da kursora respeitar a sua privacidade relativamente a qualquer informa\u00e7\u00e3o que possamos recolher&#8230;<\/p>","protected":false},"author":2,"featured_media":0,"parent":0,"menu_order":0,"comment_status":"closed","ping_status":"closed","template":"","meta":{"footnotes":""},"class_list":["post-1048","page","type-page","status-publish","hentry","entry"],"_links":{"self":[{"href":"https:\/\/kursora.com\/pt\/wp-json\/wp\/v2\/pages\/1048","targetHints":{"allow":["GET"]}}],"collection":[{"href":"https:\/\/kursora.com\/pt\/wp-json\/wp\/v2\/pages"}],"about":[{"href":"https:\/\/kursora.com\/pt\/wp-json\/wp\/v2\/types\/page"}],"author":[{"embeddable":true,"href":"https:\/\/kursora.com\/pt\/wp-json\/wp\/v2\/users\/2"}],"replies":[{"embeddable":true,"href":"https:\/\/kursora.com\/pt\/wp-json\/wp\/v2\/comments?post=1048"}],"version-history":[{"count":1,"href":"https:\/\/kursora.com\/pt\/wp-json\/wp\/v2\/pages\/1048\/revisions"}],"predecessor-version":[{"id":1049,"href":"https:\/\/kursora.com\/pt\/wp-json\/wp\/v2\/pages\/1048\/revisions\/1049"}],"wp:attachment":[{"href":"https:\/\/kursora.com\/pt\/wp-json\/wp\/v2\/media?parent=1048"}],"curies":[{"name":"wp","href":"https:\/\/api.w.org\/{rel}","templated":true}]}}