{"id":1812,"date":"2025-08-26T18:34:53","date_gmt":"2025-08-26T18:34:53","guid":{"rendered":"https:\/\/kursora.com\/?page_id=1812"},"modified":"2025-11-24T13:52:30","modified_gmt":"2025-11-24T13:52:30","slug":"om-oss","status":"publish","type":"page","link":"https:\/\/kursora.com\/pt\/om-oss\/","title":{"rendered":"Om oss"},"content":{"rendered":"<p>P\u00e5 Kursora.com er vi dedikert til \u00e5 gj\u00f8re verden av kredittkort og personlig \u00f8konomi enklere, mer transparent og mer tilgjengelig for alle. Vi vet at finansielle beslutninger kan v\u00e6re krevende, spesielt n\u00e5r det handler om \u00e5 velge det riktige kortet, kontrollere utgifter og planlegge for fremtiden. Derfor er v\u00e5rt oppdrag \u00e5 veilede deg med p\u00e5litelig informasjon, praktiske r\u00e5d og faglige analyser.<\/p>\n\n\n\n<p>Plattformen v\u00e5r tilbyr detaljerte vurderinger, sammenligninger og tips om kredittkort, bankprodukter og daglig \u00f8konomistyring. Vi gj\u00f8r komplekse \u00f8konomiske temaer om til klart og forst\u00e5elig innhold, slik at du kan ta informerte og trygge beslutninger. Enten du leter etter det beste bonuskortet, et alternativ med lavere rente eller veiledning for \u00e5 forbedre din \u00f8konomiske helse, er Kursora.com her for \u00e5 st\u00f8tte deg.<\/p>\n\n\n\n<p>Vi tror at \u00f8konomisk kunnskap styrker mennesker. Ved \u00e5 tilby n\u00f8yaktig, oppdatert og upartisk innhold er v\u00e5rt m\u00e5l \u00e5 hjelpe deg med \u00e5 f\u00e5 kontroll over \u00f8konomien din og n\u00e5 dine finansielle m\u00e5l med klarhet og trygghet. P\u00e5 Kursora.com er din \u00f8konomiske reise viktig \u2014 og vi er her for \u00e5 dele den med deg.<\/p>","protected":false},"excerpt":{"rendered":"<p>P\u00e5 Kursora.com er vi dedikert til \u00e5 gj\u00f8re verden av kredittkort og personlig \u00f8konomi enklere, mer transparent og mer tilgjengelig for alle&#8230;.<\/p>","protected":false},"author":2,"featured_media":0,"parent":0,"menu_order":0,"comment_status":"closed","ping_status":"closed","template":"","meta":{"footnotes":""},"class_list":["post-1812","page","type-page","status-publish","hentry","entry"],"_links":{"self":[{"href":"https:\/\/kursora.com\/pt\/wp-json\/wp\/v2\/pages\/1812","targetHints":{"allow":["GET"]}}],"collection":[{"href":"https:\/\/kursora.com\/pt\/wp-json\/wp\/v2\/pages"}],"about":[{"href":"https:\/\/kursora.com\/pt\/wp-json\/wp\/v2\/types\/page"}],"author":[{"embeddable":true,"href":"https:\/\/kursora.com\/pt\/wp-json\/wp\/v2\/users\/2"}],"replies":[{"embeddable":true,"href":"https:\/\/kursora.com\/pt\/wp-json\/wp\/v2\/comments?post=1812"}],"version-history":[{"count":2,"href":"https:\/\/kursora.com\/pt\/wp-json\/wp\/v2\/pages\/1812\/revisions"}],"predecessor-version":[{"id":15987,"href":"https:\/\/kursora.com\/pt\/wp-json\/wp\/v2\/pages\/1812\/revisions\/15987"}],"wp:attachment":[{"href":"https:\/\/kursora.com\/pt\/wp-json\/wp\/v2\/media?parent=1812"}],"curies":[{"name":"wp","href":"https:\/\/api.w.org\/{rel}","templated":true}]}}