{"id":2,"date":"2025-01-14T13:33:59","date_gmt":"2025-01-14T13:33:59","guid":{"rendered":"http:\/\/kursora.com\/?page_id=2"},"modified":"2026-04-29T20:34:05","modified_gmt":"2026-04-29T20:34:05","slug":"about-us","status":"publish","type":"page","link":"https:\/\/kursora.com\/pt\/about-us\/","title":{"rendered":"Sobre n\u00f3s"},"content":{"rendered":"<p>Na Kursora.com, temos o compromisso de tornar o mundo dos cart\u00f5es de cr\u00e9dito e das finan\u00e7as pessoais simples, transparente e acess\u00edvel para todos. Entendemos que as decis\u00f5es financeiras podem ser complexas, principalmente quando se trata de escolher o cart\u00e3o certo, gerenciar despesas e planejar o futuro. Por isso, nossa miss\u00e3o \u00e9 orient\u00e1-lo com informa\u00e7\u00f5es confi\u00e1veis, dicas pr\u00e1ticas e an\u00e1lises de especialistas.<\/p>\n\n\n\n<p>Nossa plataforma oferece an\u00e1lises detalhadas, compara\u00e7\u00f5es e dicas sobre cart\u00f5es de cr\u00e9dito, produtos banc\u00e1rios e gest\u00e3o financeira do dia a dia. Simplificamos t\u00f3picos financeiros complexos, apresentando conte\u00fado claro e f\u00e1cil de entender, para que voc\u00ea possa tomar decis\u00f5es seguras e bem informadas. Se voc\u00ea busca o melhor cart\u00e3o de recompensas, uma op\u00e7\u00e3o com juros baixos ou conselhos para melhorar sua sa\u00fade financeira, o Kursora.com est\u00e1 aqui para te ajudar.<\/p>\n\n\n\n<p>Acreditamos que o conhecimento financeiro empodera as pessoas. Ao oferecer conte\u00fado preciso, atualizado e imparcial, nosso objetivo \u00e9 ajud\u00e1-lo a assumir o controle do seu dinheiro e alcan\u00e7ar seus objetivos financeiros com clareza e confian\u00e7a. No Kursora.com, sua jornada financeira importa \u2014 e estamos aqui para percorr\u00ea-la com voc\u00ea.<\/p>","protected":false},"excerpt":{"rendered":"<p>At Kursora.com, we are committed to making the world of credit cards and personal finance simple, transparent, and accessible for everyone. We&#8230;<\/p>","protected":false},"author":1,"featured_media":0,"parent":0,"menu_order":0,"comment_status":"closed","ping_status":"closed","template":"","meta":{"footnotes":""},"class_list":["post-2","page","type-page","status-publish","hentry","entry"],"_links":{"self":[{"href":"https:\/\/kursora.com\/pt\/wp-json\/wp\/v2\/pages\/2","targetHints":{"allow":["GET"]}}],"collection":[{"href":"https:\/\/kursora.com\/pt\/wp-json\/wp\/v2\/pages"}],"about":[{"href":"https:\/\/kursora.com\/pt\/wp-json\/wp\/v2\/types\/page"}],"author":[{"embeddable":true,"href":"https:\/\/kursora.com\/pt\/wp-json\/wp\/v2\/users\/1"}],"replies":[{"embeddable":true,"href":"https:\/\/kursora.com\/pt\/wp-json\/wp\/v2\/comments?post=2"}],"version-history":[{"count":5,"href":"https:\/\/kursora.com\/pt\/wp-json\/wp\/v2\/pages\/2\/revisions"}],"predecessor-version":[{"id":15981,"href":"https:\/\/kursora.com\/pt\/wp-json\/wp\/v2\/pages\/2\/revisions\/15981"}],"wp:attachment":[{"href":"https:\/\/kursora.com\/pt\/wp-json\/wp\/v2\/media?parent=2"}],"curies":[{"name":"wp","href":"https:\/\/api.w.org\/{rel}","templated":true}]}}